{"id":1393,"date":"2021-01-21T14:11:21","date_gmt":"2021-01-21T17:11:21","guid":{"rendered":"https:\/\/innova-cba.com.ar\/?page_id=1393"},"modified":"2021-02-07T22:29:35","modified_gmt":"2021-02-08T01:29:35","slug":"terapia-fisica-y-rehabilitacion","status":"publish","type":"page","link":"https:\/\/innova-cba.com.ar\/?page_id=1393","title":{"rendered":"Terapia F\u00edsica y Rehabilitaci\u00f3n"},"content":{"rendered":"\t\t<div data-elementor-type=\"wp-page\" data-elementor-id=\"1393\" class=\"elementor elementor-1393\">\n\t\t\t\t\t\t<section class=\"elementor-section elementor-top-section elementor-element elementor-element-be09530 elementor-section-boxed elementor-section-height-default elementor-section-height-default\" data-id=\"be09530\" data-element_type=\"section\" data-e-type=\"section\" data-settings=\"{&quot;background_background&quot;:&quot;classic&quot;}\">\n\t\t\t\t\t\t<div class=\"elementor-container elementor-column-gap-default\">\n\t\t\t\t\t<div class=\"elementor-column elementor-col-100 elementor-top-column elementor-element elementor-element-44e6d27\" data-id=\"44e6d27\" data-element_type=\"column\" data-e-type=\"column\">\n\t\t\t<div class=\"elementor-widget-wrap elementor-element-populated\">\n\t\t\t\t\t\t<div class=\"elementor-element elementor-element-29572ba elementor-widget elementor-widget-spacer\" data-id=\"29572ba\" data-element_type=\"widget\" data-e-type=\"widget\" data-widget_type=\"spacer.default\">\n\t\t\t\t<div class=\"elementor-widget-container\">\n\t\t\t\t\t\t\t<div class=\"elementor-spacer\">\n\t\t\t<div class=\"elementor-spacer-inner\"><\/div>\n\t\t<\/div>\n\t\t\t\t\t\t<\/div>\n\t\t\t\t<\/div>\n\t\t\t\t<div class=\"elementor-element elementor-element-0cb74ec elementor-widget elementor-widget-spacer\" data-id=\"0cb74ec\" data-element_type=\"widget\" data-e-type=\"widget\" data-widget_type=\"spacer.default\">\n\t\t\t\t<div class=\"elementor-widget-container\">\n\t\t\t\t\t\t\t<div class=\"elementor-spacer\">\n\t\t\t<div class=\"elementor-spacer-inner\"><\/div>\n\t\t<\/div>\n\t\t\t\t\t\t<\/div>\n\t\t\t\t<\/div>\n\t\t\t\t<div class=\"elementor-element elementor-element-f7392da elementor-widget elementor-widget-heading\" data-id=\"f7392da\" data-element_type=\"widget\" data-e-type=\"widget\" data-widget_type=\"heading.default\">\n\t\t\t\t<div class=\"elementor-widget-container\">\n\t\t\t\t\t<h2 class=\"elementor-heading-title elementor-size-default\">Terapia F\u00edsica y Rehabilitaci\u00f3n<\/h2>\t\t\t\t<\/div>\n\t\t\t\t<\/div>\n\t\t\t\t<div class=\"elementor-element elementor-element-3ee9878 elementor-widget elementor-widget-spacer\" data-id=\"3ee9878\" data-element_type=\"widget\" data-e-type=\"widget\" data-widget_type=\"spacer.default\">\n\t\t\t\t<div class=\"elementor-widget-container\">\n\t\t\t\t\t\t\t<div class=\"elementor-spacer\">\n\t\t\t<div class=\"elementor-spacer-inner\"><\/div>\n\t\t<\/div>\n\t\t\t\t\t\t<\/div>\n\t\t\t\t<\/div>\n\t\t\t\t\t<\/div>\n\t\t<\/div>\n\t\t\t\t\t<\/div>\n\t\t<\/section>\n\t\t\t\t<section class=\"elementor-section elementor-top-section elementor-element elementor-element-44e874f elementor-section-boxed elementor-section-height-default elementor-section-height-default\" data-id=\"44e874f\" data-element_type=\"section\" data-e-type=\"section\">\n\t\t\t\t\t\t<div class=\"elementor-container elementor-column-gap-default\">\n\t\t\t\t\t<div class=\"elementor-column elementor-col-100 elementor-top-column elementor-element elementor-element-b6d3e0d\" data-id=\"b6d3e0d\" data-element_type=\"column\" data-e-type=\"column\">\n\t\t\t<div class=\"elementor-widget-wrap elementor-element-populated\">\n\t\t\t\t\t\t<div class=\"elementor-element elementor-element-2e660a9 elementor-widget elementor-widget-spacer\" data-id=\"2e660a9\" data-element_type=\"widget\" data-e-type=\"widget\" data-widget_type=\"spacer.default\">\n\t\t\t\t<div class=\"elementor-widget-container\">\n\t\t\t\t\t\t\t<div class=\"elementor-spacer\">\n\t\t\t<div class=\"elementor-spacer-inner\"><\/div>\n\t\t<\/div>\n\t\t\t\t\t\t<\/div>\n\t\t\t\t<\/div>\n\t\t\t\t<section class=\"elementor-section elementor-inner-section elementor-element elementor-element-46941d6 elementor-section-boxed elementor-section-height-default elementor-section-height-default\" data-id=\"46941d6\" data-element_type=\"section\" data-e-type=\"section\">\n\t\t\t\t\t\t<div class=\"elementor-container elementor-column-gap-default\">\n\t\t\t\t\t<div class=\"elementor-column elementor-col-25 elementor-inner-column elementor-element elementor-element-9ef9e4d\" data-id=\"9ef9e4d\" data-element_type=\"column\" data-e-type=\"column\">\n\t\t\t<div class=\"elementor-widget-wrap elementor-element-populated\">\n\t\t\t\t\t\t<div class=\"elementor-element elementor-element-115e84b elementor-widget elementor-widget-text-editor\" data-id=\"115e84b\" data-element_type=\"widget\" data-e-type=\"widget\" data-widget_type=\"text-editor.default\">\n\t\t\t\t<div class=\"elementor-widget-container\">\n\t\t\t\t\t\t\t\t\t<p class=\"font_8\"><span style=\"color: #000000;\"><strong>Nos especializamos<\/strong> en la prevenci\u00f3n, el diagnostico y la rehabilitaci\u00f3n de lesiones del aparato locomotor.<\/span><\/p><p class=\"font_8\">Dentro de las lesiones que tratamos frecuentemente est\u00e1n: dolor de espalda, hernias discales, ci\u00e1ticas, desgarros y distensiones musculares, esguinces ligamentarios, contracturas, puntos gatillos, fibrosis, calcificaciones, fascitis plantar, tenosinovitis, bursitis, fracturas, luxaciones.<\/p><p>\u00a0<\/p>\t\t\t\t\t\t\t\t<\/div>\n\t\t\t\t<\/div>\n\t\t\t\t\t<\/div>\n\t\t<\/div>\n\t\t\t\t<div class=\"elementor-column elementor-col-25 elementor-inner-column elementor-element elementor-element-3f1e2e7\" data-id=\"3f1e2e7\" data-element_type=\"column\" data-e-type=\"column\">\n\t\t\t<div class=\"elementor-widget-wrap elementor-element-populated\">\n\t\t\t\t\t\t<div class=\"elementor-element elementor-element-f22f518 elementor-widget elementor-widget-spacer\" data-id=\"f22f518\" data-element_type=\"widget\" data-e-type=\"widget\" data-widget_type=\"spacer.default\">\n\t\t\t\t<div class=\"elementor-widget-container\">\n\t\t\t\t\t\t\t<div class=\"elementor-spacer\">\n\t\t\t<div class=\"elementor-spacer-inner\"><\/div>\n\t\t<\/div>\n\t\t\t\t\t\t<\/div>\n\t\t\t\t<\/div>\n\t\t\t\t\t<\/div>\n\t\t<\/div>\n\t\t\t\t<div class=\"elementor-column elementor-col-25 elementor-inner-column elementor-element elementor-element-c7ad075\" data-id=\"c7ad075\" data-element_type=\"column\" data-e-type=\"column\">\n\t\t\t<div class=\"elementor-widget-wrap\">\n\t\t\t\t\t\t\t<\/div>\n\t\t<\/div>\n\t\t\t\t<div class=\"elementor-column elementor-col-25 elementor-inner-column elementor-element elementor-element-3198fe0\" data-id=\"3198fe0\" data-element_type=\"column\" data-e-type=\"column\">\n\t\t\t<div class=\"elementor-widget-wrap elementor-element-populated\">\n\t\t\t\t\t\t<div class=\"elementor-element elementor-element-9be1891 elementor-widget elementor-widget-text-editor\" data-id=\"9be1891\" data-element_type=\"widget\" data-e-type=\"widget\" data-widget_type=\"text-editor.default\">\n\t\t\t\t<div class=\"elementor-widget-container\">\n\t\t\t\t\t\t\t\t\t<p>Tratamos el m\u00e1s amplio abanico de <strong>lesiones<\/strong> musculo-esquel\u00e9ticas como pueden ser: sobrecargas musculares, tendinopat\u00edas, fracturas, esguinces, artrosis, patolog\u00edas de menisco, rotura muscular, etc.<\/p><p>Adem\u00e1s <strong>nuestro centro<\/strong> se encuentra adaptado para permitir a nuestros pacientes un acceso c\u00f3modo y un ambiente acogedor en el que puedan centrarse en su completa recuperaci\u00f3n.<\/p>\t\t\t\t\t\t\t\t<\/div>\n\t\t\t\t<\/div>\n\t\t\t\t\t<\/div>\n\t\t<\/div>\n\t\t\t\t\t<\/div>\n\t\t<\/section>\n\t\t\t\t\t<\/div>\n\t\t<\/div>\n\t\t\t\t\t<\/div>\n\t\t<\/section>\n\t\t\t\t<section class=\"elementor-section elementor-top-section elementor-element elementor-element-3cc10d2 elementor-section-boxed elementor-section-height-default elementor-section-height-default\" data-id=\"3cc10d2\" data-element_type=\"section\" data-e-type=\"section\">\n\t\t\t\t\t\t<div class=\"elementor-container elementor-column-gap-default\">\n\t\t\t\t\t<div class=\"elementor-column elementor-col-100 elementor-top-column elementor-element elementor-element-0328154\" data-id=\"0328154\" data-element_type=\"column\" data-e-type=\"column\">\n\t\t\t<div class=\"elementor-widget-wrap elementor-element-populated\">\n\t\t\t\t\t\t<div class=\"elementor-element elementor-element-61228cb elementor-widget elementor-widget-spacer\" data-id=\"61228cb\" data-element_type=\"widget\" data-e-type=\"widget\" data-widget_type=\"spacer.default\">\n\t\t\t\t<div class=\"elementor-widget-container\">\n\t\t\t\t\t\t\t<div class=\"elementor-spacer\">\n\t\t\t<div class=\"elementor-spacer-inner\"><\/div>\n\t\t<\/div>\n\t\t\t\t\t\t<\/div>\n\t\t\t\t<\/div>\n\t\t\t\t\t<\/div>\n\t\t<\/div>\n\t\t\t\t\t<\/div>\n\t\t<\/section>\n\t\t\t\t<\/div>\n\t\t","protected":false},"excerpt":{"rendered":"<p>Terapia F\u00edsica y Rehabilitaci\u00f3n Nos especializamos en la prevenci\u00f3n, el diagnostico y la rehabilitaci\u00f3n de lesiones del aparato locomotor. Dentro de las lesiones que tratamos frecuentemente est\u00e1n: dolor de espalda, hernias discales, ci\u00e1ticas, desgarros y distensiones musculares, esguinces ligamentarios, contracturas, puntos gatillos, fibrosis, calcificaciones, fascitis plantar, tenosinovitis, bursitis, fracturas, luxaciones. \u00a0 Tratamos el m\u00e1s amplio&#8230;<\/p>\n","protected":false},"author":1,"featured_media":0,"parent":0,"menu_order":0,"comment_status":"closed","ping_status":"closed","template":"","meta":{"_kad_post_transparent":"","_kad_post_title":"hide","_kad_post_layout":"fullwidth","_kad_post_sidebar_id":"","_kad_post_content_style":"unboxed","_kad_post_vertical_padding":"hide","_kad_post_feature":"hide","_kad_post_feature_position":"","_kad_post_header":false,"_kad_post_footer":false,"_kad_post_classname":"","footnotes":""},"class_list":["post-1393","page","type-page","status-publish","hentry"],"yoast_head":"<!-- This site is optimized with the Yoast SEO plugin v27.3 - https:\/\/yoast.com\/product\/yoast-seo-wordpress\/ -->\n<title>Terapia F\u00edsica y Rehabilitaci\u00f3n - INNOVA<\/title>\n<meta name=\"robots\" content=\"index, follow, max-snippet:-1, max-image-preview:large, max-video-preview:-1\" \/>\n<link rel=\"canonical\" href=\"https:\/\/innova-cba.com.ar\/?page_id=1393\" \/>\n<meta property=\"og:locale\" content=\"es_ES\" \/>\n<meta property=\"og:type\" content=\"article\" \/>\n<meta property=\"og:title\" content=\"Terapia F\u00edsica y Rehabilitaci\u00f3n - INNOVA\" \/>\n<meta property=\"og:description\" content=\"Terapia F\u00edsica y Rehabilitaci\u00f3n Nos especializamos en la prevenci\u00f3n, el diagnostico y la rehabilitaci\u00f3n de lesiones del aparato locomotor. Dentro de las lesiones que tratamos frecuentemente est\u00e1n: dolor de espalda, hernias discales, ci\u00e1ticas, desgarros y distensiones musculares, esguinces ligamentarios, contracturas, puntos gatillos, fibrosis, calcificaciones, fascitis plantar, tenosinovitis, bursitis, fracturas, luxaciones. \u00a0 Tratamos el m\u00e1s amplio...\" \/>\n<meta property=\"og:url\" content=\"https:\/\/innova-cba.com.ar\/?page_id=1393\" \/>\n<meta property=\"og:site_name\" content=\"INNOVA\" \/>\n<meta property=\"article:modified_time\" content=\"2021-02-08T01:29:35+00:00\" \/>\n<meta name=\"twitter:card\" content=\"summary_large_image\" \/>\n<meta name=\"twitter:label1\" content=\"Tiempo de lectura\" \/>\n\t<meta name=\"twitter:data1\" content=\"1 minuto\" \/>\n<script type=\"application\/ld+json\" class=\"yoast-schema-graph\">{\"@context\":\"https:\\\/\\\/schema.org\",\"@graph\":[{\"@type\":\"WebPage\",\"@id\":\"https:\\\/\\\/innova-cba.com.ar\\\/?page_id=1393\",\"url\":\"https:\\\/\\\/innova-cba.com.ar\\\/?page_id=1393\",\"name\":\"Terapia F\u00edsica y Rehabilitaci\u00f3n - INNOVA\",\"isPartOf\":{\"@id\":\"https:\\\/\\\/innova-cba.com.ar\\\/#website\"},\"datePublished\":\"2021-01-21T17:11:21+00:00\",\"dateModified\":\"2021-02-08T01:29:35+00:00\",\"breadcrumb\":{\"@id\":\"https:\\\/\\\/innova-cba.com.ar\\\/?page_id=1393#breadcrumb\"},\"inLanguage\":\"es\",\"potentialAction\":[{\"@type\":\"ReadAction\",\"target\":[\"https:\\\/\\\/innova-cba.com.ar\\\/?page_id=1393\"]}]},{\"@type\":\"BreadcrumbList\",\"@id\":\"https:\\\/\\\/innova-cba.com.ar\\\/?page_id=1393#breadcrumb\",\"itemListElement\":[{\"@type\":\"ListItem\",\"position\":1,\"name\":\"Portada\",\"item\":\"https:\\\/\\\/innova-cba.com.ar\\\/\"},{\"@type\":\"ListItem\",\"position\":2,\"name\":\"Terapia F\u00edsica y Rehabilitaci\u00f3n\"}]},{\"@type\":\"WebSite\",\"@id\":\"https:\\\/\\\/innova-cba.com.ar\\\/#website\",\"url\":\"https:\\\/\\\/innova-cba.com.ar\\\/\",\"name\":\"INNOVA\",\"description\":\"Terapia F\u00edsica y Rehabilitaci\u00f3n Especializada\",\"publisher\":{\"@id\":\"https:\\\/\\\/innova-cba.com.ar\\\/#organization\"},\"potentialAction\":[{\"@type\":\"SearchAction\",\"target\":{\"@type\":\"EntryPoint\",\"urlTemplate\":\"https:\\\/\\\/innova-cba.com.ar\\\/?s={search_term_string}\"},\"query-input\":{\"@type\":\"PropertyValueSpecification\",\"valueRequired\":true,\"valueName\":\"search_term_string\"}}],\"inLanguage\":\"es\"},{\"@type\":\"Organization\",\"@id\":\"https:\\\/\\\/innova-cba.com.ar\\\/#organization\",\"name\":\"INNOVA\",\"url\":\"https:\\\/\\\/innova-cba.com.ar\\\/\",\"logo\":{\"@type\":\"ImageObject\",\"inLanguage\":\"es\",\"@id\":\"https:\\\/\\\/innova-cba.com.ar\\\/#\\\/schema\\\/logo\\\/image\\\/\",\"url\":\"https:\\\/\\\/innova-cba.com.ar\\\/wp-content\\\/uploads\\\/2021\\\/01\\\/lato20.png\",\"contentUrl\":\"https:\\\/\\\/innova-cba.com.ar\\\/wp-content\\\/uploads\\\/2021\\\/01\\\/lato20.png\",\"width\":120,\"height\":27,\"caption\":\"INNOVA\"},\"image\":{\"@id\":\"https:\\\/\\\/innova-cba.com.ar\\\/#\\\/schema\\\/logo\\\/image\\\/\"}}]}<\/script>\n<!-- \/ Yoast SEO plugin. -->","yoast_head_json":{"title":"Terapia F\u00edsica y Rehabilitaci\u00f3n - INNOVA","robots":{"index":"index","follow":"follow","max-snippet":"max-snippet:-1","max-image-preview":"max-image-preview:large","max-video-preview":"max-video-preview:-1"},"canonical":"https:\/\/innova-cba.com.ar\/?page_id=1393","og_locale":"es_ES","og_type":"article","og_title":"Terapia F\u00edsica y Rehabilitaci\u00f3n - INNOVA","og_description":"Terapia F\u00edsica y Rehabilitaci\u00f3n Nos especializamos en la prevenci\u00f3n, el diagnostico y la rehabilitaci\u00f3n de lesiones del aparato locomotor. Dentro de las lesiones que tratamos frecuentemente est\u00e1n: dolor de espalda, hernias discales, ci\u00e1ticas, desgarros y distensiones musculares, esguinces ligamentarios, contracturas, puntos gatillos, fibrosis, calcificaciones, fascitis plantar, tenosinovitis, bursitis, fracturas, luxaciones. \u00a0 Tratamos el m\u00e1s amplio...","og_url":"https:\/\/innova-cba.com.ar\/?page_id=1393","og_site_name":"INNOVA","article_modified_time":"2021-02-08T01:29:35+00:00","twitter_card":"summary_large_image","twitter_misc":{"Tiempo de lectura":"1 minuto"},"schema":{"@context":"https:\/\/schema.org","@graph":[{"@type":"WebPage","@id":"https:\/\/innova-cba.com.ar\/?page_id=1393","url":"https:\/\/innova-cba.com.ar\/?page_id=1393","name":"Terapia F\u00edsica y Rehabilitaci\u00f3n - INNOVA","isPartOf":{"@id":"https:\/\/innova-cba.com.ar\/#website"},"datePublished":"2021-01-21T17:11:21+00:00","dateModified":"2021-02-08T01:29:35+00:00","breadcrumb":{"@id":"https:\/\/innova-cba.com.ar\/?page_id=1393#breadcrumb"},"inLanguage":"es","potentialAction":[{"@type":"ReadAction","target":["https:\/\/innova-cba.com.ar\/?page_id=1393"]}]},{"@type":"BreadcrumbList","@id":"https:\/\/innova-cba.com.ar\/?page_id=1393#breadcrumb","itemListElement":[{"@type":"ListItem","position":1,"name":"Portada","item":"https:\/\/innova-cba.com.ar\/"},{"@type":"ListItem","position":2,"name":"Terapia F\u00edsica y Rehabilitaci\u00f3n"}]},{"@type":"WebSite","@id":"https:\/\/innova-cba.com.ar\/#website","url":"https:\/\/innova-cba.com.ar\/","name":"INNOVA","description":"Terapia F\u00edsica y Rehabilitaci\u00f3n Especializada","publisher":{"@id":"https:\/\/innova-cba.com.ar\/#organization"},"potentialAction":[{"@type":"SearchAction","target":{"@type":"EntryPoint","urlTemplate":"https:\/\/innova-cba.com.ar\/?s={search_term_string}"},"query-input":{"@type":"PropertyValueSpecification","valueRequired":true,"valueName":"search_term_string"}}],"inLanguage":"es"},{"@type":"Organization","@id":"https:\/\/innova-cba.com.ar\/#organization","name":"INNOVA","url":"https:\/\/innova-cba.com.ar\/","logo":{"@type":"ImageObject","inLanguage":"es","@id":"https:\/\/innova-cba.com.ar\/#\/schema\/logo\/image\/","url":"https:\/\/innova-cba.com.ar\/wp-content\/uploads\/2021\/01\/lato20.png","contentUrl":"https:\/\/innova-cba.com.ar\/wp-content\/uploads\/2021\/01\/lato20.png","width":120,"height":27,"caption":"INNOVA"},"image":{"@id":"https:\/\/innova-cba.com.ar\/#\/schema\/logo\/image\/"}}]}},"_links":{"self":[{"href":"https:\/\/innova-cba.com.ar\/index.php?rest_route=\/wp\/v2\/pages\/1393","targetHints":{"allow":["GET"]}}],"collection":[{"href":"https:\/\/innova-cba.com.ar\/index.php?rest_route=\/wp\/v2\/pages"}],"about":[{"href":"https:\/\/innova-cba.com.ar\/index.php?rest_route=\/wp\/v2\/types\/page"}],"author":[{"embeddable":true,"href":"https:\/\/innova-cba.com.ar\/index.php?rest_route=\/wp\/v2\/users\/1"}],"replies":[{"embeddable":true,"href":"https:\/\/innova-cba.com.ar\/index.php?rest_route=%2Fwp%2Fv2%2Fcomments&post=1393"}],"version-history":[{"count":25,"href":"https:\/\/innova-cba.com.ar\/index.php?rest_route=\/wp\/v2\/pages\/1393\/revisions"}],"predecessor-version":[{"id":1511,"href":"https:\/\/innova-cba.com.ar\/index.php?rest_route=\/wp\/v2\/pages\/1393\/revisions\/1511"}],"wp:attachment":[{"href":"https:\/\/innova-cba.com.ar\/index.php?rest_route=%2Fwp%2Fv2%2Fmedia&parent=1393"}],"curies":[{"name":"wp","href":"https:\/\/api.w.org\/{rel}","templated":true}]}}