{"id":1469,"date":"2021-01-31T15:36:58","date_gmt":"2021-01-31T18:36:58","guid":{"rendered":"https:\/\/innova-cba.com.ar\/?page_id=1469"},"modified":"2023-12-28T15:08:29","modified_gmt":"2023-12-28T18:08:29","slug":"quienes-somos","status":"publish","type":"page","link":"https:\/\/innova-cba.com.ar\/?page_id=1469","title":{"rendered":"Quienes Somos"},"content":{"rendered":"\t\t<div data-elementor-type=\"wp-page\" data-elementor-id=\"1469\" class=\"elementor elementor-1469\">\n\t\t\t\t\t\t<section class=\"elementor-section elementor-top-section elementor-element elementor-element-5f686715 elementor-section-boxed elementor-section-height-default elementor-section-height-default\" data-id=\"5f686715\" data-element_type=\"section\" data-e-type=\"section\" data-settings=\"{&quot;background_background&quot;:&quot;classic&quot;}\">\n\t\t\t\t\t\t<div class=\"elementor-container elementor-column-gap-default\">\n\t\t\t\t\t<div class=\"elementor-column elementor-col-100 elementor-top-column elementor-element elementor-element-7028ac12\" data-id=\"7028ac12\" data-element_type=\"column\" data-e-type=\"column\">\n\t\t\t<div class=\"elementor-widget-wrap elementor-element-populated\">\n\t\t\t\t\t\t<div class=\"elementor-element elementor-element-6a53d6a elementor-widget elementor-widget-spacer\" data-id=\"6a53d6a\" data-element_type=\"widget\" data-e-type=\"widget\" data-widget_type=\"spacer.default\">\n\t\t\t\t<div class=\"elementor-widget-container\">\n\t\t\t\t\t\t\t<div class=\"elementor-spacer\">\n\t\t\t<div class=\"elementor-spacer-inner\"><\/div>\n\t\t<\/div>\n\t\t\t\t\t\t<\/div>\n\t\t\t\t<\/div>\n\t\t\t\t<div class=\"elementor-element elementor-element-7e091361 elementor-widget elementor-widget-spacer\" data-id=\"7e091361\" data-element_type=\"widget\" data-e-type=\"widget\" data-widget_type=\"spacer.default\">\n\t\t\t\t<div class=\"elementor-widget-container\">\n\t\t\t\t\t\t\t<div class=\"elementor-spacer\">\n\t\t\t<div class=\"elementor-spacer-inner\"><\/div>\n\t\t<\/div>\n\t\t\t\t\t\t<\/div>\n\t\t\t\t<\/div>\n\t\t\t\t<div class=\"elementor-element elementor-element-40918e6f elementor-widget elementor-widget-heading\" data-id=\"40918e6f\" data-element_type=\"widget\" data-e-type=\"widget\" data-widget_type=\"heading.default\">\n\t\t\t\t<div class=\"elementor-widget-container\">\n\t\t\t\t\t<h2 class=\"elementor-heading-title elementor-size-default\">Quienes Somos<\/h2>\t\t\t\t<\/div>\n\t\t\t\t<\/div>\n\t\t\t\t<div class=\"elementor-element elementor-element-55ac7ec8 elementor-widget elementor-widget-spacer\" data-id=\"55ac7ec8\" data-element_type=\"widget\" data-e-type=\"widget\" data-widget_type=\"spacer.default\">\n\t\t\t\t<div class=\"elementor-widget-container\">\n\t\t\t\t\t\t\t<div class=\"elementor-spacer\">\n\t\t\t<div class=\"elementor-spacer-inner\"><\/div>\n\t\t<\/div>\n\t\t\t\t\t\t<\/div>\n\t\t\t\t<\/div>\n\t\t\t\t\t<\/div>\n\t\t<\/div>\n\t\t\t\t\t<\/div>\n\t\t<\/section>\n\t\t\t\t<section class=\"elementor-section elementor-top-section elementor-element elementor-element-2da6a075 elementor-section-boxed elementor-section-height-default elementor-section-height-default\" data-id=\"2da6a075\" data-element_type=\"section\" data-e-type=\"section\">\n\t\t\t\t\t\t<div class=\"elementor-container elementor-column-gap-default\">\n\t\t\t\t\t<div class=\"elementor-column elementor-col-100 elementor-top-column elementor-element elementor-element-77aaeba4\" data-id=\"77aaeba4\" data-element_type=\"column\" data-e-type=\"column\">\n\t\t\t<div class=\"elementor-widget-wrap elementor-element-populated\">\n\t\t\t\t\t\t<div class=\"elementor-element elementor-element-2053bea8 elementor-widget elementor-widget-spacer\" data-id=\"2053bea8\" data-element_type=\"widget\" data-e-type=\"widget\" data-widget_type=\"spacer.default\">\n\t\t\t\t<div class=\"elementor-widget-container\">\n\t\t\t\t\t\t\t<div class=\"elementor-spacer\">\n\t\t\t<div class=\"elementor-spacer-inner\"><\/div>\n\t\t<\/div>\n\t\t\t\t\t\t<\/div>\n\t\t\t\t<\/div>\n\t\t\t\t\t<\/div>\n\t\t<\/div>\n\t\t\t\t\t<\/div>\n\t\t<\/section>\n\t\t\t\t<section class=\"elementor-section elementor-top-section elementor-element elementor-element-6a62957e elementor-section-boxed elementor-section-height-default elementor-section-height-default\" data-id=\"6a62957e\" data-element_type=\"section\" data-e-type=\"section\">\n\t\t\t\t\t\t<div class=\"elementor-container elementor-column-gap-default\">\n\t\t\t\t\t<div class=\"elementor-column elementor-col-100 elementor-top-column elementor-element elementor-element-27c99764\" data-id=\"27c99764\" data-element_type=\"column\" data-e-type=\"column\">\n\t\t\t<div class=\"elementor-widget-wrap elementor-element-populated\">\n\t\t\t\t\t\t<div class=\"elementor-element elementor-element-29005082 elementor-widget elementor-widget-spacer\" data-id=\"29005082\" data-element_type=\"widget\" data-e-type=\"widget\" data-widget_type=\"spacer.default\">\n\t\t\t\t<div class=\"elementor-widget-container\">\n\t\t\t\t\t\t\t<div class=\"elementor-spacer\">\n\t\t\t<div class=\"elementor-spacer-inner\"><\/div>\n\t\t<\/div>\n\t\t\t\t\t\t<\/div>\n\t\t\t\t<\/div>\n\t\t\t\t\t<\/div>\n\t\t<\/div>\n\t\t\t\t\t<\/div>\n\t\t<\/section>\n\t\t\t\t<section class=\"elementor-section elementor-top-section elementor-element elementor-element-21f4a22 elementor-section-boxed elementor-section-height-default elementor-section-height-default\" data-id=\"21f4a22\" data-element_type=\"section\" data-e-type=\"section\">\n\t\t\t\t\t\t<div class=\"elementor-container elementor-column-gap-default\">\n\t\t\t\t\t<div class=\"elementor-column elementor-col-100 elementor-top-column elementor-element elementor-element-f14c1ef\" data-id=\"f14c1ef\" data-element_type=\"column\" data-e-type=\"column\">\n\t\t\t<div class=\"elementor-widget-wrap elementor-element-populated\">\n\t\t\t\t\t\t<div class=\"elementor-element elementor-element-51942a2 elementor-invisible elementor-widget elementor-widget-heading\" data-id=\"51942a2\" data-element_type=\"widget\" data-e-type=\"widget\" data-settings=\"{&quot;_animation&quot;:&quot;fadeInUp&quot;}\" data-widget_type=\"heading.default\">\n\t\t\t\t<div class=\"elementor-widget-container\">\n\t\t\t\t\t<h2 class=\"elementor-heading-title elementor-size-default\">Dr. Diego Ruffino<\/h2>\t\t\t\t<\/div>\n\t\t\t\t<\/div>\n\t\t\t\t<div class=\"elementor-element elementor-element-eb04a28 elementor-widget elementor-widget-text-editor\" data-id=\"eb04a28\" data-element_type=\"widget\" data-e-type=\"widget\" data-widget_type=\"text-editor.default\">\n\t\t\t\t<div class=\"elementor-widget-container\">\n\t\t\t\t\t\t\t\t\t<p>Doctor en Ciencias de la Salud por la Universidad Nacional de C\u00f3rdoba (2017 &#8211; 2021).<br \/>Licenciado en Kinesiolog\u00eda y Fisioterapia por la Universidad Nacional de C\u00f3rdoba (2002 \u2013 2007).<br \/>Especialista en Kinesiolog\u00eda Deportiva por la Universidad Buenos Aires (UBA).<br \/>Docente universitario en Ciencias de la Salud por la Universidad Nacional de C\u00f3rdoba.\u00a0<br \/>Docente-Investigador. Escuela de Kinesiolog\u00eda y Fisioterapia. Universidad Nacional de C\u00f3rdoba. <br \/>Miembro del grupo editor Revista Asociaci\u00f3n de Kinesiolog\u00eda del Deporte.<\/p>\t\t\t\t\t\t\t\t<\/div>\n\t\t\t\t<\/div>\n\t\t\t\t<div class=\"elementor-element elementor-element-675e865 elementor-widget elementor-widget-spacer\" data-id=\"675e865\" data-element_type=\"widget\" data-e-type=\"widget\" data-widget_type=\"spacer.default\">\n\t\t\t\t<div class=\"elementor-widget-container\">\n\t\t\t\t\t\t\t<div class=\"elementor-spacer\">\n\t\t\t<div class=\"elementor-spacer-inner\"><\/div>\n\t\t<\/div>\n\t\t\t\t\t\t<\/div>\n\t\t\t\t<\/div>\n\t\t\t\t\t<\/div>\n\t\t<\/div>\n\t\t\t\t\t<\/div>\n\t\t<\/section>\n\t\t\t\t<section class=\"elementor-section elementor-top-section elementor-element elementor-element-ec634d6 elementor-section-boxed elementor-section-height-default elementor-section-height-default\" data-id=\"ec634d6\" data-element_type=\"section\" data-e-type=\"section\">\n\t\t\t\t\t\t<div class=\"elementor-container elementor-column-gap-default\">\n\t\t\t\t\t<div class=\"elementor-column elementor-col-100 elementor-top-column elementor-element elementor-element-1fb6288\" data-id=\"1fb6288\" data-element_type=\"column\" data-e-type=\"column\">\n\t\t\t<div class=\"elementor-widget-wrap elementor-element-populated\">\n\t\t\t\t\t\t<div class=\"elementor-element elementor-element-2a5851b elementor-invisible elementor-widget elementor-widget-heading\" data-id=\"2a5851b\" data-element_type=\"widget\" data-e-type=\"widget\" data-settings=\"{&quot;_animation&quot;:&quot;fadeInUp&quot;}\" data-widget_type=\"heading.default\">\n\t\t\t\t<div class=\"elementor-widget-container\">\n\t\t\t\t\t<h2 class=\"elementor-heading-title elementor-size-default\">Lic. Maira Mascarenhas Silva<\/h2>\t\t\t\t<\/div>\n\t\t\t\t<\/div>\n\t\t\t\t<div class=\"elementor-element elementor-element-60b20ea elementor-widget elementor-widget-text-editor\" data-id=\"60b20ea\" data-element_type=\"widget\" data-e-type=\"widget\" data-widget_type=\"text-editor.default\">\n\t\t\t\t<div class=\"elementor-widget-container\">\n\t\t\t\t\t\t\t\t\t<p>Licenciada en Kinesiolog\u00eda y Fisioterapia por la Escuela Bahiana de Medicina y Salud P\u00fablica. Bah\u00eda, Brasil (2001 \u2013 2006).<br \/>Formada en Pilates terap\u00e9utico, stretching global activo, gimnasia hipopresiva y ejercicio f\u00edsico adaptado en embarazo y puerperio.<br \/>M\u00e1ster en Osteopat\u00eda y T\u00e9cnicas Manipulativas por la Universidad de Valencia, Espa\u00f1a.<\/p>\t\t\t\t\t\t\t\t<\/div>\n\t\t\t\t<\/div>\n\t\t\t\t\t<\/div>\n\t\t<\/div>\n\t\t\t\t\t<\/div>\n\t\t<\/section>\n\t\t\t\t<section class=\"elementor-section elementor-top-section elementor-element elementor-element-82408d0 elementor-section-boxed elementor-section-height-default elementor-section-height-default\" data-id=\"82408d0\" data-element_type=\"section\" data-e-type=\"section\">\n\t\t\t\t\t\t<div class=\"elementor-container elementor-column-gap-default\">\n\t\t\t\t\t<div class=\"elementor-column elementor-col-100 elementor-top-column elementor-element elementor-element-24a0ed8\" data-id=\"24a0ed8\" data-element_type=\"column\" data-e-type=\"column\">\n\t\t\t<div class=\"elementor-widget-wrap elementor-element-populated\">\n\t\t\t\t\t\t<div class=\"elementor-element elementor-element-903cc06 elementor-widget elementor-widget-spacer\" data-id=\"903cc06\" data-element_type=\"widget\" data-e-type=\"widget\" data-widget_type=\"spacer.default\">\n\t\t\t\t<div class=\"elementor-widget-container\">\n\t\t\t\t\t\t\t<div class=\"elementor-spacer\">\n\t\t\t<div class=\"elementor-spacer-inner\"><\/div>\n\t\t<\/div>\n\t\t\t\t\t\t<\/div>\n\t\t\t\t<\/div>\n\t\t\t\t\t<\/div>\n\t\t<\/div>\n\t\t\t\t\t<\/div>\n\t\t<\/section>\n\t\t\t\t<\/div>\n\t\t","protected":false},"excerpt":{"rendered":"<p>Quienes Somos Dr. Diego Ruffino Doctor en Ciencias de la Salud por la Universidad Nacional de C\u00f3rdoba (2017 &#8211; 2021).Licenciado en Kinesiolog\u00eda y Fisioterapia por la Universidad Nacional de C\u00f3rdoba (2002 \u2013 2007).Especialista en Kinesiolog\u00eda Deportiva por la Universidad Buenos Aires (UBA).Docente universitario en Ciencias de la Salud por la Universidad Nacional de C\u00f3rdoba.\u00a0Docente-Investigador. Escuela&#8230;<\/p>\n","protected":false},"author":1,"featured_media":0,"parent":0,"menu_order":0,"comment_status":"closed","ping_status":"closed","template":"","meta":{"_kad_post_transparent":"","_kad_post_title":"hide","_kad_post_layout":"fullwidth","_kad_post_sidebar_id":"","_kad_post_content_style":"unboxed","_kad_post_vertical_padding":"hide","_kad_post_feature":"hide","_kad_post_feature_position":"","_kad_post_header":false,"_kad_post_footer":false,"_kad_post_classname":"","footnotes":""},"class_list":["post-1469","page","type-page","status-publish","hentry"],"yoast_head":"<!-- This site is optimized with the Yoast SEO plugin v27.3 - https:\/\/yoast.com\/product\/yoast-seo-wordpress\/ -->\n<title>Quienes Somos - INNOVA<\/title>\n<meta name=\"robots\" content=\"index, follow, max-snippet:-1, max-image-preview:large, max-video-preview:-1\" \/>\n<link rel=\"canonical\" href=\"https:\/\/innova-cba.com.ar\/?page_id=1469\" \/>\n<meta property=\"og:locale\" content=\"es_ES\" \/>\n<meta property=\"og:type\" content=\"article\" \/>\n<meta property=\"og:title\" content=\"Quienes Somos - INNOVA\" \/>\n<meta property=\"og:description\" content=\"Quienes Somos Dr. Diego Ruffino Doctor en Ciencias de la Salud por la Universidad Nacional de C\u00f3rdoba (2017 &#8211; 2021).Licenciado en Kinesiolog\u00eda y Fisioterapia por la Universidad Nacional de C\u00f3rdoba (2002 \u2013 2007).Especialista en Kinesiolog\u00eda Deportiva por la Universidad Buenos Aires (UBA).Docente universitario en Ciencias de la Salud por la Universidad Nacional de C\u00f3rdoba.\u00a0Docente-Investigador. Escuela...\" \/>\n<meta property=\"og:url\" content=\"https:\/\/innova-cba.com.ar\/?page_id=1469\" \/>\n<meta property=\"og:site_name\" content=\"INNOVA\" \/>\n<meta property=\"article:modified_time\" content=\"2023-12-28T18:08:29+00:00\" \/>\n<meta name=\"twitter:card\" content=\"summary_large_image\" \/>\n<meta name=\"twitter:label1\" content=\"Tiempo de lectura\" \/>\n\t<meta name=\"twitter:data1\" content=\"1 minuto\" \/>\n<script type=\"application\/ld+json\" class=\"yoast-schema-graph\">{\"@context\":\"https:\\\/\\\/schema.org\",\"@graph\":[{\"@type\":\"WebPage\",\"@id\":\"https:\\\/\\\/innova-cba.com.ar\\\/?page_id=1469\",\"url\":\"https:\\\/\\\/innova-cba.com.ar\\\/?page_id=1469\",\"name\":\"Quienes Somos - INNOVA\",\"isPartOf\":{\"@id\":\"https:\\\/\\\/innova-cba.com.ar\\\/#website\"},\"datePublished\":\"2021-01-31T18:36:58+00:00\",\"dateModified\":\"2023-12-28T18:08:29+00:00\",\"breadcrumb\":{\"@id\":\"https:\\\/\\\/innova-cba.com.ar\\\/?page_id=1469#breadcrumb\"},\"inLanguage\":\"es\",\"potentialAction\":[{\"@type\":\"ReadAction\",\"target\":[\"https:\\\/\\\/innova-cba.com.ar\\\/?page_id=1469\"]}]},{\"@type\":\"BreadcrumbList\",\"@id\":\"https:\\\/\\\/innova-cba.com.ar\\\/?page_id=1469#breadcrumb\",\"itemListElement\":[{\"@type\":\"ListItem\",\"position\":1,\"name\":\"Portada\",\"item\":\"https:\\\/\\\/innova-cba.com.ar\\\/\"},{\"@type\":\"ListItem\",\"position\":2,\"name\":\"Quienes Somos\"}]},{\"@type\":\"WebSite\",\"@id\":\"https:\\\/\\\/innova-cba.com.ar\\\/#website\",\"url\":\"https:\\\/\\\/innova-cba.com.ar\\\/\",\"name\":\"INNOVA\",\"description\":\"Terapia F\u00edsica y Rehabilitaci\u00f3n Especializada\",\"publisher\":{\"@id\":\"https:\\\/\\\/innova-cba.com.ar\\\/#organization\"},\"potentialAction\":[{\"@type\":\"SearchAction\",\"target\":{\"@type\":\"EntryPoint\",\"urlTemplate\":\"https:\\\/\\\/innova-cba.com.ar\\\/?s={search_term_string}\"},\"query-input\":{\"@type\":\"PropertyValueSpecification\",\"valueRequired\":true,\"valueName\":\"search_term_string\"}}],\"inLanguage\":\"es\"},{\"@type\":\"Organization\",\"@id\":\"https:\\\/\\\/innova-cba.com.ar\\\/#organization\",\"name\":\"INNOVA\",\"url\":\"https:\\\/\\\/innova-cba.com.ar\\\/\",\"logo\":{\"@type\":\"ImageObject\",\"inLanguage\":\"es\",\"@id\":\"https:\\\/\\\/innova-cba.com.ar\\\/#\\\/schema\\\/logo\\\/image\\\/\",\"url\":\"https:\\\/\\\/innova-cba.com.ar\\\/wp-content\\\/uploads\\\/2021\\\/01\\\/lato20.png\",\"contentUrl\":\"https:\\\/\\\/innova-cba.com.ar\\\/wp-content\\\/uploads\\\/2021\\\/01\\\/lato20.png\",\"width\":120,\"height\":27,\"caption\":\"INNOVA\"},\"image\":{\"@id\":\"https:\\\/\\\/innova-cba.com.ar\\\/#\\\/schema\\\/logo\\\/image\\\/\"}}]}<\/script>\n<!-- \/ Yoast SEO plugin. -->","yoast_head_json":{"title":"Quienes Somos - INNOVA","robots":{"index":"index","follow":"follow","max-snippet":"max-snippet:-1","max-image-preview":"max-image-preview:large","max-video-preview":"max-video-preview:-1"},"canonical":"https:\/\/innova-cba.com.ar\/?page_id=1469","og_locale":"es_ES","og_type":"article","og_title":"Quienes Somos - INNOVA","og_description":"Quienes Somos Dr. Diego Ruffino Doctor en Ciencias de la Salud por la Universidad Nacional de C\u00f3rdoba (2017 &#8211; 2021).Licenciado en Kinesiolog\u00eda y Fisioterapia por la Universidad Nacional de C\u00f3rdoba (2002 \u2013 2007).Especialista en Kinesiolog\u00eda Deportiva por la Universidad Buenos Aires (UBA).Docente universitario en Ciencias de la Salud por la Universidad Nacional de C\u00f3rdoba.\u00a0Docente-Investigador. Escuela...","og_url":"https:\/\/innova-cba.com.ar\/?page_id=1469","og_site_name":"INNOVA","article_modified_time":"2023-12-28T18:08:29+00:00","twitter_card":"summary_large_image","twitter_misc":{"Tiempo de lectura":"1 minuto"},"schema":{"@context":"https:\/\/schema.org","@graph":[{"@type":"WebPage","@id":"https:\/\/innova-cba.com.ar\/?page_id=1469","url":"https:\/\/innova-cba.com.ar\/?page_id=1469","name":"Quienes Somos - INNOVA","isPartOf":{"@id":"https:\/\/innova-cba.com.ar\/#website"},"datePublished":"2021-01-31T18:36:58+00:00","dateModified":"2023-12-28T18:08:29+00:00","breadcrumb":{"@id":"https:\/\/innova-cba.com.ar\/?page_id=1469#breadcrumb"},"inLanguage":"es","potentialAction":[{"@type":"ReadAction","target":["https:\/\/innova-cba.com.ar\/?page_id=1469"]}]},{"@type":"BreadcrumbList","@id":"https:\/\/innova-cba.com.ar\/?page_id=1469#breadcrumb","itemListElement":[{"@type":"ListItem","position":1,"name":"Portada","item":"https:\/\/innova-cba.com.ar\/"},{"@type":"ListItem","position":2,"name":"Quienes Somos"}]},{"@type":"WebSite","@id":"https:\/\/innova-cba.com.ar\/#website","url":"https:\/\/innova-cba.com.ar\/","name":"INNOVA","description":"Terapia F\u00edsica y Rehabilitaci\u00f3n Especializada","publisher":{"@id":"https:\/\/innova-cba.com.ar\/#organization"},"potentialAction":[{"@type":"SearchAction","target":{"@type":"EntryPoint","urlTemplate":"https:\/\/innova-cba.com.ar\/?s={search_term_string}"},"query-input":{"@type":"PropertyValueSpecification","valueRequired":true,"valueName":"search_term_string"}}],"inLanguage":"es"},{"@type":"Organization","@id":"https:\/\/innova-cba.com.ar\/#organization","name":"INNOVA","url":"https:\/\/innova-cba.com.ar\/","logo":{"@type":"ImageObject","inLanguage":"es","@id":"https:\/\/innova-cba.com.ar\/#\/schema\/logo\/image\/","url":"https:\/\/innova-cba.com.ar\/wp-content\/uploads\/2021\/01\/lato20.png","contentUrl":"https:\/\/innova-cba.com.ar\/wp-content\/uploads\/2021\/01\/lato20.png","width":120,"height":27,"caption":"INNOVA"},"image":{"@id":"https:\/\/innova-cba.com.ar\/#\/schema\/logo\/image\/"}}]}},"_links":{"self":[{"href":"https:\/\/innova-cba.com.ar\/index.php?rest_route=\/wp\/v2\/pages\/1469","targetHints":{"allow":["GET"]}}],"collection":[{"href":"https:\/\/innova-cba.com.ar\/index.php?rest_route=\/wp\/v2\/pages"}],"about":[{"href":"https:\/\/innova-cba.com.ar\/index.php?rest_route=\/wp\/v2\/types\/page"}],"author":[{"embeddable":true,"href":"https:\/\/innova-cba.com.ar\/index.php?rest_route=\/wp\/v2\/users\/1"}],"replies":[{"embeddable":true,"href":"https:\/\/innova-cba.com.ar\/index.php?rest_route=%2Fwp%2Fv2%2Fcomments&post=1469"}],"version-history":[{"count":43,"href":"https:\/\/innova-cba.com.ar\/index.php?rest_route=\/wp\/v2\/pages\/1469\/revisions"}],"predecessor-version":[{"id":1644,"href":"https:\/\/innova-cba.com.ar\/index.php?rest_route=\/wp\/v2\/pages\/1469\/revisions\/1644"}],"wp:attachment":[{"href":"https:\/\/innova-cba.com.ar\/index.php?rest_route=%2Fwp%2Fv2%2Fmedia&parent=1469"}],"curies":[{"name":"wp","href":"https:\/\/api.w.org\/{rel}","templated":true}]}}